{"id":397,"date":"2026-03-17T16:42:46","date_gmt":"2026-03-17T20:42:46","guid":{"rendered":"https:\/\/ottawaboatcruise.com\/?page_id=397"},"modified":"2026-04-09T11:13:17","modified_gmt":"2026-04-09T15:13:17","slug":"maps","status":"publish","type":"page","link":"https:\/\/ottawaboatcruise.com\/fr\/maps\/","title":{"rendered":"Cartes"},"content":{"rendered":"<div data-elementor-type=\"wp-page\" data-elementor-id=\"397\" class=\"elementor elementor-397\" data-elementor-post-type=\"page\">\n\t\t\t\t<div class=\"elementor-element elementor-element-ddfa99f e-grid e-con-boxed e-con e-parent\" data-id=\"ddfa99f\" data-element_type=\"container\" data-e-type=\"container\">\n\t\t\t\t\t<div class=\"e-con-inner\">\n\t\t\t\t<div class=\"elementor-element elementor-element-d89abff elementor-widget elementor-widget-heading\" data-id=\"d89abff\" data-element_type=\"widget\" data-e-type=\"widget\" data-widget_type=\"heading.default\">\n\t\t\t\t\t<h1 class=\"elementor-heading-title elementor-size-default\">Ottawa Sightseeing Cruise Maps<\/h1>\t\t\t\t<\/div>\n\t\t\t\t<div class=\"elementor-element elementor-element-14a3e9d elementor-widget elementor-widget-text-editor\" data-id=\"14a3e9d\" data-element_type=\"widget\" data-e-type=\"widget\" data-widget_type=\"text-editor.default\">\n\t\t\t\t\t\t\t\t\t<p>Plan your journey with ease using our collection of route and location guides. Below, you\u2019ll find detailed maps highlighting the iconic landmarks you&#8217;ll encounter on our Ottawa Sightseeing Cruise along the river, followed by the scenic sights of the Rideau Canal and the routes of our bus tour partners. Each map includes a direct Google Maps link to its specific departure point so you know exactly where to find us. To ensure a seamless start to your day, we\u2019ve also included a list of convenient parking options at the bottom of the page.<\/p>\t\t\t\t\t\t\t\t<\/div>\n\t\t\t\t<div class=\"elementor-element elementor-element-5c24fc1 elementor-widget elementor-widget-heading\" data-id=\"5c24fc1\" data-element_type=\"widget\" data-e-type=\"widget\" data-widget_type=\"heading.default\">\n\t\t\t\t\t<h2 class=\"elementor-heading-title elementor-size-default\">Ottawa River Cruise Map<\/h2>\t\t\t\t<\/div>\n\t\t\t\t<div class=\"elementor-element elementor-element-75d414f elementor-widget elementor-widget-image\" data-id=\"75d414f\" data-element_type=\"widget\" data-e-type=\"widget\" data-widget_type=\"image.default\">\n\t\t\t\t\t\t\t\t\t\t\t\t\t\t\t<img fetchpriority=\"high\" decoding=\"async\" width=\"800\" height=\"455\" src=\"https:\/\/ottawaboatcruise.com\/wp-content\/uploads\/2026\/04\/22551-map-2-v2-1-1024x582.jpg\" class=\"attachment-large size-large wp-image-1058\" alt=\"ottawa river tour map\" srcset=\"https:\/\/ottawaboatcruise.com\/wp-content\/uploads\/2026\/04\/22551-map-2-v2-1-1024x582.jpg 1024w, https:\/\/ottawaboatcruise.com\/wp-content\/uploads\/2026\/04\/22551-map-2-v2-1-300x170.jpg 300w, https:\/\/ottawaboatcruise.com\/wp-content\/uploads\/2026\/04\/22551-map-2-v2-1-768x436.jpg 768w, https:\/\/ottawaboatcruise.com\/wp-content\/uploads\/2026\/04\/22551-map-2-v2-1-1536x873.jpg 1536w, https:\/\/ottawaboatcruise.com\/wp-content\/uploads\/2026\/04\/22551-map-2-v2-1-2048x1164.jpg 2048w, https:\/\/ottawaboatcruise.com\/wp-content\/uploads\/2026\/04\/22551-map-2-v2-1-18x10.jpg 18w\" sizes=\"(max-width: 800px) 100vw, 800px\" \/>\t\t\t\t\t\t\t\t\t\t\t\t\t\t\t<\/div>\n\t\t\t\t<div class=\"elementor-element elementor-element-fea272a elementor-widget elementor-widget-text-editor\" data-id=\"fea272a\" data-element_type=\"widget\" data-e-type=\"widget\" data-widget_type=\"text-editor.default\">\n\t\t\t\t\t\t\t\t\t<ul><li><strong>Starting Location Ottawa Departure: <\/strong><a href=\"https:\/\/www.google.com\/maps\/place\/Ottawa+Boat+Cruise+:+River+Cruise+(Ottawa+Departure)\/@45.4267161,-75.7088685,1544m\/data=!3m1!1e3!4m10!1m2!2m1!1sOttawa+Boat+Cruise+River+Cruise!3m6!1s0x4cce0531786d16eb:0x5718718b79366796!8m2!3d45.4267162!4d-75.6993395!15sCh9PdHRhd2EgQm9hdCBDcnVpc2UgUml2ZXIgQ3J1aXNlIgOIAQFaISIfb3R0YXdhIGJvYXQgY3J1aXNlIHJpdmVyIGNydWlzZZIBC2NydWlzZV9saW5lmgEkQ2hkRFNVaE5NRzluUzBWSlEwRm5TVU53TUdOTGIzbG5SUkFC4AEA-gEFCMQBEDQ!16s%2Fg%2F11ghljxp_g?entry=ttu&amp;g_ep=EgoyMDI2MDMxOC4xIKXMDSoASAFQAw%3D%3D\">Croisi\u00e8re en bateau \u00e0 Ottawa : croisi\u00e8re fluviale (d\u00e9part d'Ottawa) \u2013 Google Maps<\/a><\/li><li><strong>Starting Location Gatineau Departure<\/strong>: <a href=\"https:\/\/www.google.com\/maps\/place\/Ottawa+Boat+Cruise+:+River+Cruise+(Gatineau+Departure)\/@45.4313864,-75.7103498,1544m\/data=!3m1!1e3!4m6!3m5!1s0x4cce0581f7e8f987:0x6dc82288e2064f26!8m2!3d45.4313864!4d-75.7059724!16s%2Fg%2F11g1y5h59c?entry=ttu&amp;g_ep=EgoyMDI2MDMxOC4xIKXMDSoASAFQAw%3D%3D\">Croisi\u00e8res en bateau \u00e0 Ottawa : Croisi\u00e8re fluviale (d\u00e9part de Gatineau) \u2013 Google Maps<\/a><\/li><\/ul>\t\t\t\t\t\t\t\t<\/div>\n\t\t\t\t\t<\/div>\n\t\t\t\t<\/div>\n\t\t<div class=\"elementor-element elementor-element-25d2427 e-grid e-con-boxed e-con e-parent\" data-id=\"25d2427\" data-element_type=\"container\" data-e-type=\"container\">\n\t\t\t\t\t<div class=\"e-con-inner\">\n\t\t\t\t<div class=\"elementor-element elementor-element-ec2820b elementor-widget elementor-widget-spacer\" data-id=\"ec2820b\" data-element_type=\"widget\" data-e-type=\"widget\" data-widget_type=\"spacer.default\">\n\t\t\t\t\t\t\t<div class=\"elementor-spacer\">\n\t\t\t<div class=\"elementor-spacer-inner\"><\/div>\n\t\t<\/div>\n\t\t\t\t\t\t<\/div>\n\t\t\t\t<div class=\"elementor-element elementor-element-48b8a74 elementor-widget elementor-widget-heading\" data-id=\"48b8a74\" data-element_type=\"widget\" data-e-type=\"widget\" data-widget_type=\"heading.default\">\n\t\t\t\t\t<h2 class=\"elementor-heading-title elementor-size-default\">Croisi\u00e8re sur le Canal Rideau Ekeau<\/h2>\t\t\t\t<\/div>\n\t\t\t\t<div class=\"elementor-element elementor-element-a6fcb0b elementor-widget elementor-widget-image\" data-id=\"a6fcb0b\" data-element_type=\"widget\" data-e-type=\"widget\" data-widget_type=\"image.default\">\n\t\t\t\t\t\t\t\t\t\t\t\t\t\t\t<img decoding=\"async\" width=\"800\" height=\"513\" src=\"https:\/\/ottawaboatcruise.com\/wp-content\/uploads\/2026\/04\/22551-map-1-v2-1-1024x656.jpg\" class=\"attachment-large size-large wp-image-1059\" alt=\"rideau canal map\" srcset=\"https:\/\/ottawaboatcruise.com\/wp-content\/uploads\/2026\/04\/22551-map-1-v2-1-1024x656.jpg 1024w, https:\/\/ottawaboatcruise.com\/wp-content\/uploads\/2026\/04\/22551-map-1-v2-1-300x192.jpg 300w, https:\/\/ottawaboatcruise.com\/wp-content\/uploads\/2026\/04\/22551-map-1-v2-1-768x492.jpg 768w, https:\/\/ottawaboatcruise.com\/wp-content\/uploads\/2026\/04\/22551-map-1-v2-1-1536x983.jpg 1536w, https:\/\/ottawaboatcruise.com\/wp-content\/uploads\/2026\/04\/22551-map-1-v2-1-2048x1311.jpg 2048w, https:\/\/ottawaboatcruise.com\/wp-content\/uploads\/2026\/04\/22551-map-1-v2-1-18x12.jpg 18w\" sizes=\"(max-width: 800px) 100vw, 800px\" \/>\t\t\t\t\t\t\t\t\t\t\t\t\t\t\t<\/div>\n\t\t\t\t<div class=\"elementor-element elementor-element-f12cfd6 elementor-widget elementor-widget-text-editor\" data-id=\"f12cfd6\" data-element_type=\"widget\" data-e-type=\"widget\" data-widget_type=\"text-editor.default\">\n\t\t\t\t\t\t\t\t\t<ul><li><strong>Lieu de d\u00e9part<\/strong>: <a href=\"https:\/\/www.google.com\/maps\/place\/Ottawa+Boat+Cruise+:+Rideau+Canal+Cruise+Departure\/@45.4241111,-75.69375,386m\/data=!3m1!1e3!4m12!1m5!3m4!2zNDXCsDI1JzI2LjgiTiA3NcKwNDEnMzcuNSJX!8m2!3d45.4241111!4d-75.69375!3m5!1s0x4cce0592a19cb823:0xcbc4995d8139459e!8m2!3d45.4240098!4d-75.6936315!16s%2Fg%2F11hdhc0sr4?entry=ttu&amp;g_ep=EgoyMDI2MDMxOC4xIKXMDSoASAFQAw%3D%3D\">Croisi\u00e8re sur le canal Rideau \u00e0 Ottawa \u2013 D\u00e9part \u2013 Google Maps<\/a><\/li><\/ul>\t\t\t\t\t\t\t\t<\/div>\n\t\t\t\t\t<\/div>\n\t\t\t\t<\/div>\n\t\t<div class=\"elementor-element elementor-element-780e3a4 e-grid e-con-boxed e-con e-parent\" data-id=\"780e3a4\" data-element_type=\"container\" data-e-type=\"container\">\n\t\t\t\t\t<div class=\"e-con-inner\">\n\t\t\t\t<div class=\"elementor-element elementor-element-720e347 elementor-widget elementor-widget-spacer\" data-id=\"720e347\" data-element_type=\"widget\" data-e-type=\"widget\" data-widget_type=\"spacer.default\">\n\t\t\t\t\t\t\t<div class=\"elementor-spacer\">\n\t\t\t<div class=\"elementor-spacer-inner\"><\/div>\n\t\t<\/div>\n\t\t\t\t\t\t<\/div>\n\t\t\t\t<div class=\"elementor-element elementor-element-1d831e8 elementor-widget elementor-widget-heading\" data-id=\"1d831e8\" data-element_type=\"widget\" data-e-type=\"widget\" data-widget_type=\"heading.default\">\n\t\t\t\t\t<h2 class=\"elementor-heading-title elementor-size-default\">Bus Tours: Gray Line and Lady Dive Map<\/h2>\t\t\t\t<\/div>\n\t\t\t\t<div class=\"elementor-element elementor-element-7029bf2 elementor-widget elementor-widget-image\" data-id=\"7029bf2\" data-element_type=\"widget\" data-e-type=\"widget\" data-widget_type=\"image.default\">\n\t\t\t\t\t\t\t\t\t\t\t\t\t\t\t<img decoding=\"async\" width=\"800\" height=\"640\" src=\"https:\/\/ottawaboatcruise.com\/wp-content\/uploads\/2026\/04\/Map-2025-1024x819.jpg\" class=\"attachment-large size-large wp-image-972\" alt=\"Ottawa Sightseeing Cruise Map\" srcset=\"https:\/\/ottawaboatcruise.com\/wp-content\/uploads\/2026\/04\/Map-2025-1024x819.jpg 1024w, https:\/\/ottawaboatcruise.com\/wp-content\/uploads\/2026\/04\/Map-2025-300x240.jpg 300w, https:\/\/ottawaboatcruise.com\/wp-content\/uploads\/2026\/04\/Map-2025-768x614.jpg 768w, https:\/\/ottawaboatcruise.com\/wp-content\/uploads\/2026\/04\/Map-2025-15x12.jpg 15w, https:\/\/ottawaboatcruise.com\/wp-content\/uploads\/2026\/04\/Map-2025.jpg 1536w\" sizes=\"(max-width: 800px) 100vw, 800px\" \/>\t\t\t\t\t\t\t\t\t\t\t\t\t\t\t<\/div>\n\t\t\t\t<div class=\"elementor-element elementor-element-f1fd9f8 elementor-widget elementor-widget-text-editor\" data-id=\"f1fd9f8\" data-element_type=\"widget\" data-e-type=\"widget\" data-widget_type=\"text-editor.default\">\n\t\t\t\t\t\t\t\t\t<ul><li><strong>Lieu de d\u00e9part<\/strong>: <a href=\"https:\/\/www.google.com\/maps\/place\/Lady+Dive+Tours\/@45.4235578,-75.6961738,772m\/data=!3m2!1e3!4b1!4m6!3m5!1s0x4cce04ffddc05a9f:0x7a06c1bc4102fca7!8m2!3d45.4235578!4d-75.6961738!16s%2Fg%2F1vr3cs_8?entry=ttu&amp;g_ep=EgoyMDI2MDQwNS4wIKXMDSoASAFQAw%3D%3D\">: Lady Dive Tours \u2013 Google Maps<\/a><\/li><\/ul>\t\t\t\t\t\t\t\t<\/div>\n\t\t\t\t\t<\/div>\n\t\t\t\t<\/div>\n\t\t<div class=\"elementor-element elementor-element-7cf2517 e-grid e-con-boxed e-con e-parent\" data-id=\"7cf2517\" data-element_type=\"container\" data-e-type=\"container\">\n\t\t\t\t\t<div class=\"e-con-inner\">\n\t\t\t\t<div class=\"elementor-element elementor-element-529cddc elementor-widget elementor-widget-spacer\" data-id=\"529cddc\" data-element_type=\"widget\" data-e-type=\"widget\" data-widget_type=\"spacer.default\">\n\t\t\t\t\t\t\t<div class=\"elementor-spacer\">\n\t\t\t<div class=\"elementor-spacer-inner\"><\/div>\n\t\t<\/div>\n\t\t\t\t\t\t<\/div>\n\t\t\t\t<div class=\"elementor-element elementor-element-7c17606 elementor-widget elementor-widget-heading\" data-id=\"7c17606\" data-element_type=\"widget\" data-e-type=\"widget\" data-widget_type=\"heading.default\">\n\t\t\t\t\t<h2 class=\"elementor-heading-title elementor-size-default\">Parking near our ottawa sightseeing cruises and tours starting locations.<\/h2>\t\t\t\t<\/div>\n\t\t\t\t<div class=\"elementor-element elementor-element-018bb5a elementor-widget elementor-widget-text-editor\" data-id=\"018bb5a\" data-element_type=\"widget\" data-e-type=\"widget\" data-widget_type=\"text-editor.default\">\n\t\t\t\t\t\t\t\t\t<ol><li><h5><a href=\"https:\/\/www.google.com\/maps\/place\/After+Hours+Parking+-+World+Exchange+Plaza\/@45.4216184,-75.697808,772m\/data=!3m2!1e3!5s0x4cd352cb525e32ab:0x2330e73d5c647c95!4m10!1m2!2m1!1sWorld+Exchange+Plaza+Parking!3m6!1s0x4cce050e52db4523:0xc9d8aeda7c0f91e5!8m2!3d45.4216184!4d-75.697808!15sChxXb3JsZCBFeGNoYW5nZSBQbGF6YSBQYXJraW5nWh4iHHdvcmxkIGV4Y2hhbmdlIHBsYXphIHBhcmtpbmeSAQ5wYXJraW5nX2dhcmFnZZoBRENpOURRVWxSUVVOdlpFTm9kSGxqUmpsdlQydGFhVmRIV2twTVZFNVpaR3Q0UlZVd1ZsQlRWRnBMWkVkc2VtSlZSUkFC4AEA-gEECDMQKw!16s%2Fg%2F11w8hc7_rf?entry=ttu&amp;g_ep=EgoyMDI2MDQwNS4wIKXMDSoASAFQAw%3D%3D\">After Hours Parking &#8211; World Exchange Plaza &#8211; Google Maps<\/a><\/h5><\/li><li><h5><a href=\"https:\/\/www.google.com\/maps\/place\/National+Arts+Centre+Parkade\/@45.4220776,-75.6959966,772m\/data=!3m2!1e3!4b1!4m6!3m5!1s0x4cce05914543b137:0x578c69b679e2269f!8m2!3d45.4220776!4d-75.6934217!16s%2Fg%2F11qnls2f_4?entry=ttu&amp;g_ep=EgoyMDI2MDQwNS4wIKXMDSoASAFQAw%3D%3D\">National Arts Centre Parkade &#8211; Google Maps<\/a><\/h5><\/li><li><h5><a href=\"https:\/\/www.google.com\/maps\/place\/J+Park+-+41+George+Market+Garage\/@45.4270042,-75.6926555,68m\/data=!3m1!1e3!4m6!3m5!1s0x4cce050208a61f33:0x44b2ad62258a5d72!8m2!3d45.4270739!4d-75.6928714!16s%2Fg%2F11dzt35msh?entry=ttu&amp;g_ep=EgoyMDI2MDQwNS4wIKXMDSoASAFQAw%3D%3D\">J Park &#8211; 41 George Market Garage &#8211; Google Maps<\/a><\/h5><\/li><li><h5><a href=\"https:\/\/www.google.com\/maps\/place\/119-151+Slater+St+Parking\/@45.4211499,-75.6963122,97m\/data=!3m1!1e3!4m6!3m5!1s0x4cce05aaca502cab:0xc72e78c547a2bf6a!8m2!3d45.4210869!4d-75.6963374!16s%2Fg%2F11gd67qx1c?entry=ttu&amp;g_ep=EgoyMDI2MDQwNS4wIKXMDSoASAFQAw%3D%3D\">119-151 Slater St Parking &#8211; Google Maps &#8211; Outdoor Parking for Trucks and Large Vehicles<\/a><\/h5><\/li><\/ol><h5>\u00a0<\/h5>\t\t\t\t\t\t\t\t<\/div>\n\t\t\t\t\t<\/div>\n\t\t\t\t<\/div>\n\t\t\t\t<\/div>","protected":false},"excerpt":{"rendered":"<p>Ottawa Sightseeing Cruise Maps Plan your journey with ease using our collection of route and location guides. Below, you\u2019ll find detailed maps highlighting the iconic landmarks you&#8217;ll encounter on our Ottawa Sightseeing Cruise along the river, followed by the scenic sights of the Rideau Canal and the routes of our bus tour partners. Each map [&hellip;]<\/p>\n","protected":false},"author":4,"featured_media":0,"parent":0,"menu_order":0,"comment_status":"closed","ping_status":"closed","template":"","meta":{"_angie_page":false,"footnotes":""},"class_list":["post-397","page","type-page","status-publish","hentry"],"yoast_head":"<!-- This site is optimized with the Yoast SEO plugin v27.4 - https:\/\/yoast.com\/product\/yoast-seo-wordpress\/ -->\n<title>Maps - Ottawa Boat Cruise - Croisiere Outaouais<\/title>\n<meta name=\"description\" content=\"View the maps of our Ottawa Sightseeing Cruises to learn more about over 55 sites you see along the River or Canal. Our cruises are open everyday all summer long.\" \/>\n<meta name=\"robots\" content=\"index, follow, max-snippet:-1, max-image-preview:large, max-video-preview:-1\" \/>\n<link rel=\"canonical\" href=\"https:\/\/ottawaboatcruise.com\/fr\/maps\/\" \/>\n<meta property=\"og:locale\" content=\"fr_CA\" \/>\n<meta property=\"og:type\" content=\"article\" \/>\n<meta property=\"og:title\" content=\"Maps - Ottawa Boat Cruise - Croisiere Outaouais\" \/>\n<meta property=\"og:description\" content=\"View the maps of our Ottawa Sightseeing Cruises to learn more about over 55 sites you see along the River or Canal. Our cruises are open everyday all summer long.\" \/>\n<meta property=\"og:url\" content=\"https:\/\/ottawaboatcruise.com\/fr\/maps\/\" \/>\n<meta property=\"og:site_name\" content=\"Ottawa Boat Cruise - Croisiere Outaouais\" \/>\n<meta property=\"article:modified_time\" content=\"2026-04-09T15:13:17+00:00\" \/>\n<meta property=\"og:image\" content=\"https:\/\/ottawaboatcruise.com\/wp-content\/uploads\/2026\/04\/22551-map-2-v2-1-scaled.jpg\" \/>\n\t<meta property=\"og:image:width\" content=\"2560\" \/>\n\t<meta property=\"og:image:height\" content=\"1454\" \/>\n\t<meta property=\"og:image:type\" content=\"image\/jpeg\" \/>\n<meta name=\"twitter:card\" content=\"summary_large_image\" \/>\n<meta name=\"twitter:label1\" content=\"Estimation du temps de lecture\" \/>\n\t<meta name=\"twitter:data1\" content=\"1 minute\" \/>\n<script type=\"application\/ld+json\" class=\"yoast-schema-graph\">{\"@context\":\"https:\\\/\\\/schema.org\",\"@graph\":[{\"@type\":\"WebPage\",\"@id\":\"https:\\\/\\\/ottawaboatcruise.com\\\/maps\\\/\",\"url\":\"https:\\\/\\\/ottawaboatcruise.com\\\/maps\\\/\",\"name\":\"Maps - Ottawa Boat Cruise - Croisiere Outaouais\",\"isPartOf\":{\"@id\":\"https:\\\/\\\/ottawaboatcruise.com\\\/#website\"},\"primaryImageOfPage\":{\"@id\":\"https:\\\/\\\/ottawaboatcruise.com\\\/maps\\\/#primaryimage\"},\"image\":{\"@id\":\"https:\\\/\\\/ottawaboatcruise.com\\\/maps\\\/#primaryimage\"},\"thumbnailUrl\":\"https:\\\/\\\/ottawaboatcruise.com\\\/wp-content\\\/uploads\\\/2026\\\/04\\\/22551-map-2-v2-1-1024x582.jpg\",\"datePublished\":\"2026-03-17T20:42:46+00:00\",\"dateModified\":\"2026-04-09T15:13:17+00:00\",\"description\":\"View the maps of our Ottawa Sightseeing Cruises to learn more about over 55 sites you see along the River or Canal. Our cruises are open everyday all summer long.\",\"breadcrumb\":{\"@id\":\"https:\\\/\\\/ottawaboatcruise.com\\\/maps\\\/#breadcrumb\"},\"inLanguage\":\"fr-CA\",\"potentialAction\":[{\"@type\":\"ReadAction\",\"target\":[\"https:\\\/\\\/ottawaboatcruise.com\\\/maps\\\/\"]}]},{\"@type\":\"ImageObject\",\"inLanguage\":\"fr-CA\",\"@id\":\"https:\\\/\\\/ottawaboatcruise.com\\\/maps\\\/#primaryimage\",\"url\":\"https:\\\/\\\/ottawaboatcruise.com\\\/wp-content\\\/uploads\\\/2026\\\/04\\\/22551-map-2-v2-1-1024x582.jpg\",\"contentUrl\":\"https:\\\/\\\/ottawaboatcruise.com\\\/wp-content\\\/uploads\\\/2026\\\/04\\\/22551-map-2-v2-1-1024x582.jpg\"},{\"@type\":\"BreadcrumbList\",\"@id\":\"https:\\\/\\\/ottawaboatcruise.com\\\/maps\\\/#breadcrumb\",\"itemListElement\":[{\"@type\":\"ListItem\",\"position\":1,\"name\":\"Home\",\"item\":\"https:\\\/\\\/ottawaboatcruise.com\\\/\"},{\"@type\":\"ListItem\",\"position\":2,\"name\":\"Maps\"}]},{\"@type\":\"WebSite\",\"@id\":\"https:\\\/\\\/ottawaboatcruise.com\\\/#website\",\"url\":\"https:\\\/\\\/ottawaboatcruise.com\\\/\",\"name\":\"Ottawa Boat Cruise - Croisiere Outaouais\",\"description\":\"Boat Cruises in Ottawa\",\"publisher\":{\"@id\":\"https:\\\/\\\/ottawaboatcruise.com\\\/#organization\"},\"potentialAction\":[{\"@type\":\"SearchAction\",\"target\":{\"@type\":\"EntryPoint\",\"urlTemplate\":\"https:\\\/\\\/ottawaboatcruise.com\\\/?s={search_term_string}\"},\"query-input\":{\"@type\":\"PropertyValueSpecification\",\"valueRequired\":true,\"valueName\":\"search_term_string\"}}],\"inLanguage\":\"fr-CA\"},{\"@type\":\"Organization\",\"@id\":\"https:\\\/\\\/ottawaboatcruise.com\\\/#organization\",\"name\":\"Ottawa Boat Cruise - Croisiere Outaouais\",\"url\":\"https:\\\/\\\/ottawaboatcruise.com\\\/\",\"logo\":{\"@type\":\"ImageObject\",\"inLanguage\":\"fr-CA\",\"@id\":\"https:\\\/\\\/ottawaboatcruise.com\\\/#\\\/schema\\\/logo\\\/image\\\/\",\"url\":\"https:\\\/\\\/ottawaboatcruise.com\\\/wp-content\\\/uploads\\\/2026\\\/03\\\/Blue-obc-logo-jpg-1.jpeg\",\"contentUrl\":\"https:\\\/\\\/ottawaboatcruise.com\\\/wp-content\\\/uploads\\\/2026\\\/03\\\/Blue-obc-logo-jpg-1.jpeg\",\"width\":1080,\"height\":329,\"caption\":\"Ottawa Boat Cruise - Croisiere Outaouais\"},\"image\":{\"@id\":\"https:\\\/\\\/ottawaboatcruise.com\\\/#\\\/schema\\\/logo\\\/image\\\/\"}}]}<\/script>\n<!-- \/ Yoast SEO plugin. -->","yoast_head_json":{"title":"Maps - Ottawa Boat Cruise - Croisiere Outaouais","description":"View the maps of our Ottawa Sightseeing Cruises to learn more about over 55 sites you see along the River or Canal. Our cruises are open everyday all summer long.","robots":{"index":"index","follow":"follow","max-snippet":"max-snippet:-1","max-image-preview":"max-image-preview:large","max-video-preview":"max-video-preview:-1"},"canonical":"https:\/\/ottawaboatcruise.com\/fr\/maps\/","og_locale":"fr_CA","og_type":"article","og_title":"Maps - Ottawa Boat Cruise - Croisiere Outaouais","og_description":"View the maps of our Ottawa Sightseeing Cruises to learn more about over 55 sites you see along the River or Canal. Our cruises are open everyday all summer long.","og_url":"https:\/\/ottawaboatcruise.com\/fr\/maps\/","og_site_name":"Ottawa Boat Cruise - Croisiere Outaouais","article_modified_time":"2026-04-09T15:13:17+00:00","og_image":[{"width":2560,"height":1454,"url":"https:\/\/ottawaboatcruise.com\/wp-content\/uploads\/2026\/04\/22551-map-2-v2-1-scaled.jpg","type":"image\/jpeg"}],"twitter_card":"summary_large_image","twitter_misc":{"Estimation du temps de lecture":"1 minute"},"schema":{"@context":"https:\/\/schema.org","@graph":[{"@type":"WebPage","@id":"https:\/\/ottawaboatcruise.com\/maps\/","url":"https:\/\/ottawaboatcruise.com\/maps\/","name":"Maps - Ottawa Boat Cruise - Croisiere Outaouais","isPartOf":{"@id":"https:\/\/ottawaboatcruise.com\/#website"},"primaryImageOfPage":{"@id":"https:\/\/ottawaboatcruise.com\/maps\/#primaryimage"},"image":{"@id":"https:\/\/ottawaboatcruise.com\/maps\/#primaryimage"},"thumbnailUrl":"https:\/\/ottawaboatcruise.com\/wp-content\/uploads\/2026\/04\/22551-map-2-v2-1-1024x582.jpg","datePublished":"2026-03-17T20:42:46+00:00","dateModified":"2026-04-09T15:13:17+00:00","description":"View the maps of our Ottawa Sightseeing Cruises to learn more about over 55 sites you see along the River or Canal. Our cruises are open everyday all summer long.","breadcrumb":{"@id":"https:\/\/ottawaboatcruise.com\/maps\/#breadcrumb"},"inLanguage":"fr-CA","potentialAction":[{"@type":"ReadAction","target":["https:\/\/ottawaboatcruise.com\/maps\/"]}]},{"@type":"ImageObject","inLanguage":"fr-CA","@id":"https:\/\/ottawaboatcruise.com\/maps\/#primaryimage","url":"https:\/\/ottawaboatcruise.com\/wp-content\/uploads\/2026\/04\/22551-map-2-v2-1-1024x582.jpg","contentUrl":"https:\/\/ottawaboatcruise.com\/wp-content\/uploads\/2026\/04\/22551-map-2-v2-1-1024x582.jpg"},{"@type":"BreadcrumbList","@id":"https:\/\/ottawaboatcruise.com\/maps\/#breadcrumb","itemListElement":[{"@type":"ListItem","position":1,"name":"Home","item":"https:\/\/ottawaboatcruise.com\/"},{"@type":"ListItem","position":2,"name":"Maps"}]},{"@type":"WebSite","@id":"https:\/\/ottawaboatcruise.com\/#website","url":"https:\/\/ottawaboatcruise.com\/","name":"Ottawa Boat Cruise - Croisiere Outaouais","description":"Boat Cruises in Ottawa","publisher":{"@id":"https:\/\/ottawaboatcruise.com\/#organization"},"potentialAction":[{"@type":"SearchAction","target":{"@type":"EntryPoint","urlTemplate":"https:\/\/ottawaboatcruise.com\/?s={search_term_string}"},"query-input":{"@type":"PropertyValueSpecification","valueRequired":true,"valueName":"search_term_string"}}],"inLanguage":"fr-CA"},{"@type":"Organization","@id":"https:\/\/ottawaboatcruise.com\/#organization","name":"Ottawa Boat Cruise - Croisiere Outaouais","url":"https:\/\/ottawaboatcruise.com\/","logo":{"@type":"ImageObject","inLanguage":"fr-CA","@id":"https:\/\/ottawaboatcruise.com\/#\/schema\/logo\/image\/","url":"https:\/\/ottawaboatcruise.com\/wp-content\/uploads\/2026\/03\/Blue-obc-logo-jpg-1.jpeg","contentUrl":"https:\/\/ottawaboatcruise.com\/wp-content\/uploads\/2026\/03\/Blue-obc-logo-jpg-1.jpeg","width":1080,"height":329,"caption":"Ottawa Boat Cruise - Croisiere Outaouais"},"image":{"@id":"https:\/\/ottawaboatcruise.com\/#\/schema\/logo\/image\/"}}]}},"_links":{"self":[{"href":"https:\/\/ottawaboatcruise.com\/fr\/wp-json\/wp\/v2\/pages\/397","targetHints":{"allow":["GET"]}}],"collection":[{"href":"https:\/\/ottawaboatcruise.com\/fr\/wp-json\/wp\/v2\/pages"}],"about":[{"href":"https:\/\/ottawaboatcruise.com\/fr\/wp-json\/wp\/v2\/types\/page"}],"author":[{"embeddable":true,"href":"https:\/\/ottawaboatcruise.com\/fr\/wp-json\/wp\/v2\/users\/4"}],"replies":[{"embeddable":true,"href":"https:\/\/ottawaboatcruise.com\/fr\/wp-json\/wp\/v2\/comments?post=397"}],"version-history":[{"count":35,"href":"https:\/\/ottawaboatcruise.com\/fr\/wp-json\/wp\/v2\/pages\/397\/revisions"}],"predecessor-version":[{"id":1062,"href":"https:\/\/ottawaboatcruise.com\/fr\/wp-json\/wp\/v2\/pages\/397\/revisions\/1062"}],"wp:attachment":[{"href":"https:\/\/ottawaboatcruise.com\/fr\/wp-json\/wp\/v2\/media?parent=397"}],"curies":[{"name":"wp","href":"https:\/\/api.w.org\/{rel}","templated":true}]}}